{"id":7009,"date":"2022-03-10T12:56:24","date_gmt":"2022-03-10T12:56:24","guid":{"rendered":"https:\/\/locci-shop.mgpg.it\/?product=12-frecce-nylon-pistola-balestra"},"modified":"2026-04-18T00:55:47","modified_gmt":"2026-04-18T00:55:47","slug":"12-frecce-nylon-pistola-balestra","status":"publish","type":"product","link":"https:\/\/locci-shop.mgpg.it\/?product=12-frecce-nylon-pistola-balestra","title":{"rendered":"12 FRECCE NYLON PISTOLA BALESTRA"},"content":{"rendered":"","protected":false},"excerpt":{"rendered":"<p>12 Dardi in nylon per pistola balestra da 50-80 lbs.<\/p>\n<p>Corpo nylon di colore nero.<\/p>\n<p>Misure: lunghezza 6,5&#8243;.<\/p>\n<p>Manutenzione: Pulire con panno e Ballistol olio.<\/p>\n<p>Confezione: blister.<\/p>\n<p><strong>La balestra non \u00e8 un giocattolo, pu\u00f2 essere acquistata dai maggiori di 18 anni con documento di identit\u00e0.<\/strong><\/p>\n","protected":false},"featured_media":7010,"comment_status":"open","ping_status":"closed","template":"","meta":[],"product_brand":[500],"product_cat":[728,577,578],"product_tag":[],"class_list":{"0":"post-7009","1":"product","2":"type-product","3":"status-publish","4":"has-post-thumbnail","6":"product_brand-selme","7":"product_cat-balestre-e-accessori","8":"product_cat-sport","9":"product_cat-tiro","11":"first","12":"instock","13":"shipping-taxable","14":"purchasable","15":"product-type-simple"},"_links":{"self":[{"href":"https:\/\/locci-shop.mgpg.it\/index.php?rest_route=\/wp\/v2\/product\/7009","targetHints":{"allow":["GET"]}}],"collection":[{"href":"https:\/\/locci-shop.mgpg.it\/index.php?rest_route=\/wp\/v2\/product"}],"about":[{"href":"https:\/\/locci-shop.mgpg.it\/index.php?rest_route=\/wp\/v2\/types\/product"}],"replies":[{"embeddable":true,"href":"https:\/\/locci-shop.mgpg.it\/index.php?rest_route=%2Fwp%2Fv2%2Fcomments&post=7009"}],"version-history":[{"count":0,"href":"https:\/\/locci-shop.mgpg.it\/index.php?rest_route=\/wp\/v2\/product\/7009\/revisions"}],"wp:featuredmedia":[{"embeddable":true,"href":"https:\/\/locci-shop.mgpg.it\/index.php?rest_route=\/wp\/v2\/media\/7010"}],"wp:attachment":[{"href":"https:\/\/locci-shop.mgpg.it\/index.php?rest_route=%2Fwp%2Fv2%2Fmedia&parent=7009"}],"wp:term":[{"taxonomy":"product_brand","embeddable":true,"href":"https:\/\/locci-shop.mgpg.it\/index.php?rest_route=%2Fwp%2Fv2%2Fproduct_brand&post=7009"},{"taxonomy":"product_cat","embeddable":true,"href":"https:\/\/locci-shop.mgpg.it\/index.php?rest_route=%2Fwp%2Fv2%2Fproduct_cat&post=7009"},{"taxonomy":"product_tag","embeddable":true,"href":"https:\/\/locci-shop.mgpg.it\/index.php?rest_route=%2Fwp%2Fv2%2Fproduct_tag&post=7009"}],"curies":[{"name":"wp","href":"https:\/\/api.w.org\/{rel}","templated":true}]}}